{"id":38,"date":"2019-11-12T09:42:13","date_gmt":"2018-11-30T00:00:00","guid":{"rendered":"https:\/\/derschlern.it\/?page_id=38"},"modified":"2025-03-25T16:30:36","modified_gmt":"2025-03-25T16:30:36","slug":"impressum","status":"publish","type":"page","link":"https:\/\/derschlern.it\/de\/impressum\/","title":{"rendered":"Impressum"},"content":{"rendered":"<h3>Athesia Druck GmbH<\/h3>\n<p>Weinbergweg 7<br \/>\n39100 \u2013 Bozen<br \/>\nTrentino-S\u00fcdtirol, Italien<\/p>\n<p>MwSt.Nr.: IT00853870210<br \/>\nE-Mail: info@athesia.it<br \/>\nPEC: athesiadruck.gmbh@pec.it<br \/>\nTelefon: +39 0471 925 888<\/p>\n<p>Handelskammer: Bolzano\/Bozen<br \/>\nEintragungsnummer Handelskammer: 7145<br \/>\nREA Nr.: 91830<\/p>\n<p>Einziger Gesellschafter: Athesia AG<br \/>\nUnterliegt der Leitung und Koordinierung der E&amp;E Holding &amp; Consulting GmbH gem\u00e4\u00df Art. 2497 ff. ZGB<\/p>\n<h4><strong>Copyright Hinweis<\/strong><\/h4>\n<p>Die bereitgestellten Informationen auf dieser Website wurden sorgf\u00e4ltig gepr\u00fcft und werden regelm\u00e4\u00dfig aktualisiert. Es kann keine Garantie daf\u00fcr \u00fcbernommen werden, dass die auf dieser Website bereitgestellten Informationen vollst\u00e4ndig, richtig oder auch aktuell sind. Athesia Druck GmbH \u00fcbernimmt keine Verantwortung f\u00fcr den Inhalt von Kommentaren Dritter sowie den Inhalt von Seiten Dritter, welche \u00fcber Links von der Website erreichbar sind. F\u00fcr die Inhalte der verlinkten Seiten haftet der Anbieter der jeweiligen Website. S\u00e4mtliche Beitr\u00e4ge die Sie auf dieser Homepage finden, sind urheberrechtlich gesch\u00fctzt. Alle abrufbaren Informationen auf der Webseite erfolgen ohne Gew\u00e4hr f\u00fcr Richtigkeit. F\u00fcr Sch\u00e4den wird auf keinem Fall Haftung \u00fcbernommen, das gilt ebenso f\u00fcr alle Websites auf die mittels eines Links verwiesen wird.<\/p>\n<h4><strong>Design \/ Entwicklung<\/strong><\/h4>\n<p><strong>Freddy Ochner<br \/>\n<\/strong><a href=\"https:\/\/freddy.ochner.it\/?utm_source=derschlern.it&amp;utm_medium=referral&amp;utm_campaign=imprint\" target=\"_blank\" rel=\"noopener noreferrer\">www.ochner.it<\/a><br \/>\nMail.\u00a0<a href=\"mailto:freddy@ochner.it\">freddy@ochner.it<\/a><br \/>\nTel.\u00a0<a href=\"tel:+393348399066\">334 83 99 066<\/a><\/p>\n<p>&nbsp;<\/p>\n<p>Pflichtinformation nach EU-Verordnung Nr. 524\/2013 des Europ\u00e4ischen Parlaments und Rats Plattform zur Online-Beilegung verbraucherrechtlicher Streitigkeiten (ODR) der Europ\u00e4ischen Kommission:\u00a0<a href=\"http:\/\/ec.europa.eu\/consumers\/odr\/\" target=\"_blank\" rel=\"noopener noreferrer\">http:\/\/ec.europa.eu\/consumers\/odr\/<\/a><\/p>\n","protected":false},"excerpt":{"rendered":"<p>Athesia Druck GmbH Weinbergweg 7 39100 \u2013 Bozen Trentino-S\u00fcdtirol, Italien MwSt.Nr.: IT00853870210 E-Mail: info@athesia.it PEC: athesiadruck.gmbh@pec.it Telefon: +39 0471 925&#8230;<\/p>\n","protected":false},"author":2,"featured_media":0,"parent":0,"menu_order":0,"comment_status":"closed","ping_status":"closed","template":"","meta":{"_acf_changed":false,"footnotes":""},"class_list":["post-38","page","type-page","status-publish","hentry"],"acf":[],"yoast_head":"<!-- This site is optimized with the Yoast SEO plugin v27.5 - https:\/\/yoast.com\/product\/yoast-seo-wordpress\/ -->\n<title>Impressum - Der Schlern<\/title>\n<meta name=\"robots\" content=\"index, follow, max-snippet:-1, max-image-preview:large, max-video-preview:-1\" \/>\n<link rel=\"canonical\" href=\"https:\/\/derschlern.it\/de\/impressum\/\" \/>\n<meta property=\"og:locale\" content=\"de_DE\" \/>\n<meta property=\"og:type\" content=\"article\" \/>\n<meta property=\"og:title\" content=\"Impressum - Der Schlern\" \/>\n<meta property=\"og:description\" content=\"Athesia Druck GmbH Weinbergweg 7 39100 \u2013 Bozen Trentino-S\u00fcdtirol, Italien MwSt.Nr.: IT00853870210 E-Mail: info@athesia.it PEC: athesiadruck.gmbh@pec.it Telefon: +39 0471 925...\" \/>\n<meta property=\"og:url\" content=\"https:\/\/derschlern.it\/de\/impressum\/\" \/>\n<meta property=\"og:site_name\" content=\"Der Schlern\" \/>\n<meta property=\"article:modified_time\" content=\"2025-03-25T16:30:36+00:00\" \/>\n<meta name=\"twitter:card\" content=\"summary_large_image\" \/>\n<meta name=\"twitter:label1\" content=\"Gesch\u00e4tzte Lesezeit\" \/>\n\t<meta name=\"twitter:data1\" content=\"2\u00a0Minuten\" \/>\n<script type=\"application\/ld+json\" class=\"yoast-schema-graph\">{\"@context\":\"https:\\\/\\\/schema.org\",\"@graph\":[{\"@type\":\"WebPage\",\"@id\":\"https:\\\/\\\/derschlern.it\\\/de\\\/impressum\\\/\",\"url\":\"https:\\\/\\\/derschlern.it\\\/de\\\/impressum\\\/\",\"name\":\"Impressum - Der Schlern\",\"isPartOf\":{\"@id\":\"https:\\\/\\\/derschlern.it\\\/de\\\/#website\"},\"datePublished\":\"2018-11-30T00:00:00+00:00\",\"dateModified\":\"2025-03-25T16:30:36+00:00\",\"breadcrumb\":{\"@id\":\"https:\\\/\\\/derschlern.it\\\/de\\\/impressum\\\/#breadcrumb\"},\"inLanguage\":\"de\",\"potentialAction\":[{\"@type\":\"ReadAction\",\"target\":[\"https:\\\/\\\/derschlern.it\\\/de\\\/impressum\\\/\"]}]},{\"@type\":\"BreadcrumbList\",\"@id\":\"https:\\\/\\\/derschlern.it\\\/de\\\/impressum\\\/#breadcrumb\",\"itemListElement\":[{\"@type\":\"ListItem\",\"position\":1,\"name\":\"Startseite\",\"item\":\"https:\\\/\\\/derschlern.it\\\/de\\\/\"},{\"@type\":\"ListItem\",\"position\":2,\"name\":\"Impressum\"}]},{\"@type\":\"WebSite\",\"@id\":\"https:\\\/\\\/derschlern.it\\\/de\\\/#website\",\"url\":\"https:\\\/\\\/derschlern.it\\\/de\\\/\",\"name\":\"Der Schlern\",\"description\":\"\",\"potentialAction\":[{\"@type\":\"SearchAction\",\"target\":{\"@type\":\"EntryPoint\",\"urlTemplate\":\"https:\\\/\\\/derschlern.it\\\/de\\\/?s={search_term_string}\"},\"query-input\":{\"@type\":\"PropertyValueSpecification\",\"valueRequired\":true,\"valueName\":\"search_term_string\"}}],\"inLanguage\":\"de\"}]}<\/script>\n<!-- \/ Yoast SEO plugin. -->","yoast_head_json":{"title":"Impressum - Der Schlern","robots":{"index":"index","follow":"follow","max-snippet":"max-snippet:-1","max-image-preview":"max-image-preview:large","max-video-preview":"max-video-preview:-1"},"canonical":"https:\/\/derschlern.it\/de\/impressum\/","og_locale":"de_DE","og_type":"article","og_title":"Impressum - Der Schlern","og_description":"Athesia Druck GmbH Weinbergweg 7 39100 \u2013 Bozen Trentino-S\u00fcdtirol, Italien MwSt.Nr.: IT00853870210 E-Mail: info@athesia.it PEC: athesiadruck.gmbh@pec.it Telefon: +39 0471 925...","og_url":"https:\/\/derschlern.it\/de\/impressum\/","og_site_name":"Der Schlern","article_modified_time":"2025-03-25T16:30:36+00:00","twitter_card":"summary_large_image","twitter_misc":{"Gesch\u00e4tzte Lesezeit":"2\u00a0Minuten"},"schema":{"@context":"https:\/\/schema.org","@graph":[{"@type":"WebPage","@id":"https:\/\/derschlern.it\/de\/impressum\/","url":"https:\/\/derschlern.it\/de\/impressum\/","name":"Impressum - Der Schlern","isPartOf":{"@id":"https:\/\/derschlern.it\/de\/#website"},"datePublished":"2018-11-30T00:00:00+00:00","dateModified":"2025-03-25T16:30:36+00:00","breadcrumb":{"@id":"https:\/\/derschlern.it\/de\/impressum\/#breadcrumb"},"inLanguage":"de","potentialAction":[{"@type":"ReadAction","target":["https:\/\/derschlern.it\/de\/impressum\/"]}]},{"@type":"BreadcrumbList","@id":"https:\/\/derschlern.it\/de\/impressum\/#breadcrumb","itemListElement":[{"@type":"ListItem","position":1,"name":"Startseite","item":"https:\/\/derschlern.it\/de\/"},{"@type":"ListItem","position":2,"name":"Impressum"}]},{"@type":"WebSite","@id":"https:\/\/derschlern.it\/de\/#website","url":"https:\/\/derschlern.it\/de\/","name":"Der Schlern","description":"","potentialAction":[{"@type":"SearchAction","target":{"@type":"EntryPoint","urlTemplate":"https:\/\/derschlern.it\/de\/?s={search_term_string}"},"query-input":{"@type":"PropertyValueSpecification","valueRequired":true,"valueName":"search_term_string"}}],"inLanguage":"de"}]}},"_links":{"self":[{"href":"https:\/\/derschlern.it\/de\/wp-json\/wp\/v2\/pages\/38","targetHints":{"allow":["GET"]}}],"collection":[{"href":"https:\/\/derschlern.it\/de\/wp-json\/wp\/v2\/pages"}],"about":[{"href":"https:\/\/derschlern.it\/de\/wp-json\/wp\/v2\/types\/page"}],"author":[{"embeddable":true,"href":"https:\/\/derschlern.it\/de\/wp-json\/wp\/v2\/users\/2"}],"replies":[{"embeddable":true,"href":"https:\/\/derschlern.it\/de\/wp-json\/wp\/v2\/comments?post=38"}],"version-history":[{"count":3,"href":"https:\/\/derschlern.it\/de\/wp-json\/wp\/v2\/pages\/38\/revisions"}],"predecessor-version":[{"id":691,"href":"https:\/\/derschlern.it\/de\/wp-json\/wp\/v2\/pages\/38\/revisions\/691"}],"wp:attachment":[{"href":"https:\/\/derschlern.it\/de\/wp-json\/wp\/v2\/media?parent=38"}],"curies":[{"name":"wp","href":"https:\/\/api.w.org\/{rel}","templated":true}]}}